{"id":8,"date":"2022-07-11T11:48:14","date_gmt":"2022-07-11T11:48:14","guid":{"rendered":"https:\/\/rena.jezik.hr\/?page_id=8"},"modified":"2026-01-14T13:25:07","modified_gmt":"2026-01-14T12:25:07","slug":"o-projektu","status":"publish","type":"page","link":"https:\/\/sara.jezik.hr\/en\/o-projektu\/","title":{"rendered":"About the project"},"content":{"rendered":"<div class=\"wp-block-cover alignfull\" style=\"min-height:300px;aspect-ratio:unset;\"><span aria-hidden=\"true\" class=\"wp-block-cover__background has-nv-site-bg-background-color has-background-dim-100 has-background-dim\"><\/span><div class=\"wp-block-cover__inner-container is-layout-flow wp-block-cover-is-layout-flow\">\n<div class=\"wp-block-group\"><div class=\"wp-block-group__inner-container is-layout-flow wp-block-group-is-layout-flow\">\n<h1 class=\"wp-block-heading has-text-align-left has-neve-text-color-color has-text-color\">About the project<br><\/h1>\n\n\n\n<p>\/<\/p>\n<\/div><\/div>\n<\/div><\/div>\n\n\n\n<div class=\"wp-block-cover alignfull\" style=\"min-height:600px;aspect-ratio:unset;\"><span aria-hidden=\"true\" class=\"wp-block-cover__background has-nv-light-bg-background-color has-background-dim-100 has-background-dim\"><\/span><div class=\"wp-block-cover__inner-container is-layout-flow wp-block-cover-is-layout-flow\">\n<div class=\"wp-block-group\"><div class=\"wp-block-group__inner-container is-layout-flow wp-block-group-is-layout-flow\">\n<div class=\"wp-block-columns are-vertically-aligned-center is-layout-flex wp-container-core-columns-is-layout-9d6595d7 wp-block-columns-is-layout-flex\">\n<div class=\"wp-block-column is-vertically-aligned-center is-layout-flow wp-block-column-is-layout-flow\" style=\"flex-basis:100%\">\n<p class=\"has-neve-text-color-color has-text-color\" style=\"font-size:21px\">Glavni je cilj ovoga projekta u \u010detiri godine popisati jezi\u010dnu gra\u0111u koja pripada poglavlju <br>o sastavljenom i nesastavljenom pisanju iz tridesetak hrvatskih pravopisa <br>(teorijski dio i pravopisni rje\u010dnici), izraditi bazu sastavljenoga i nesastavljenoga <br>pisanja te teorijsko promi\u0161ljanje navedenoga pravopisnoga problema.<\/p>\n\n\n\n<p class=\"has-text-align-center has-neve-link-color-color has-text-color has-link-color wp-elements-c9598ea50587bb19af08bcf68b144820\"><strong>***<\/strong><\/p>\n\n\n\n<p class=\"has-neve-link-color-color has-text-color has-link-color wp-elements-85c40d41e5d9747cd40726012d3283c5\"><strong>About the Project<\/strong><\/p>\n\n\n\n<p class=\"has-text-align-left has-neve-link-color-color has-text-color has-link-color wp-elements-e8adce4a7f1d6c290e1e415340bbe420\">The primary objective of this four-year project is to document the linguistic material pertaining to the chapter on compound and non-compound writing from approximately thirty Croatian orthography manuals (encompassing both theoretical frameworks and orthographic dictionaries). Furthermore, the project aims to develop a comprehensive database for compound and non-compound writing and to provide a theoretical reflection on the aforementioned orthographic issue.<\/p>\n\n\n\n<hr class=\"wp-block-separator has-text-color has-alpha-channel-opacity has-background\" style=\"background-color:#d2d2d2;color:#d2d2d2\"\/>\n<\/div>\n<\/div>\n<\/div><\/div>\n<\/div><\/div>\n\n\n\n<div class=\"wp-block-cover alignfull\" style=\"min-height:600px;aspect-ratio:unset;\"><span aria-hidden=\"true\" class=\"wp-block-cover__background has-nv-site-bg-background-color has-background-dim-100 has-background-dim\"><\/span><div class=\"wp-block-cover__inner-container is-layout-flow wp-block-cover-is-layout-flow\">\n<div class=\"wp-block-group\"><div class=\"wp-block-group__inner-container is-layout-flow wp-block-group-is-layout-flow\">\n<div style=\"height:80px\" aria-hidden=\"true\" class=\"wp-block-spacer\"><\/div>\n\n\n\n<div class=\"wp-block-columns are-vertically-aligned-center is-layout-flex wp-container-core-columns-is-layout-9d6595d7 wp-block-columns-is-layout-flex\">\n<div class=\"wp-block-column is-vertically-aligned-center is-layout-flow wp-block-column-is-layout-flow\" style=\"flex-basis:100%\">\n<h2 class=\"wp-block-heading has-neve-text-color-color has-text-color\" id=\"visak\">More about the Project<\/h2>\n\n\n\n<p class=\"has-neve-link-color-color has-text-color translation-block\">The fundamental task of this project proposal is the creation of a database which will encompass the words (one or more) that most frequently fall within the orthographical chapter on compound and non-compound writing. This is, in fact, one of the most difficult and demanding chapters in the orthographies of a large number of languages, including Croatian. Principles and rules concerning compound and non-compound writing have existed since Ku\u0161ar\u2019s (1889) and Broz\u2019s orthography (1892), but the problem of compound and non-compound writing remains one of the more important (and pressing) problems of Croatian orthographies to this day. The reason for this is that the problem under study is essentially an immanently linguistic one, and only then an orthographical one. The database creation will be focused on cataloguing orthographically questionable cases, but attention will also be paid to the theoretical consideration of this orthographical problem (writing papers\/articles). It will be shown how the problem of compound and non-compound writing is resolved in the theoretical sections of Croatian orthographical books and how it is resolved in their dictionary sections, and whether these solutions coincide or are mutually exclusive, that is, which type of writing was prescribed by individual Croatian orthographies. Croatian orthographies will enter the database as a corpus, starting from the oldest ones \u2013 by which we mean orthographies that, in addition to presenting the system of Latin letters, also attempt to resolve some of the fundamental orthographical questions (those in the narrower sense). In this respect, the corpus will range from Ku\u0161ar\u2019s orthography from 1889 to the Croatian Orthography of the IHJJ (2013), but not from all editions of the orthographical books, only from those that marked a turning point in time (socio-historical events) or a turning point in the orthographical norm (about thirty orthographical editions). The research will also extend beyond the set boundaries, but only when there are justified reasons for doing so.<\/p>\n\n\n\n<p class=\"has-text-align-center has-neve-link-color-color has-text-color\"><strong>***<\/strong><\/p>\n\n\n\n<p class=\"has-neve-link-color-color has-text-color has-link-color wp-elements-a26fe3d006d83f42c438f074c04013ae\"><strong>More about the project<\/strong><\/p>\n\n\n\n<p class=\"has-text-align-left has-neve-link-color-color has-text-color\">The fundamental task of this project proposal is the creation of a database encompassing words (single or multiple) that most frequently appear in the orthographic chapter on compound and non-compound writing. Indeed, this remains one of the most complex and demanding chapters in the orthographies of many languages, including Croatian. Principles and rules regarding compound and non-compound writing have existed since the orthographies of Ku\u0161ar (1889) and Broz (1892); however, the issue of compound and non-compound writing has remained one of the most significant (and pressing) problems in Croatian orthography to this day. This is due to the fact that the problem under study is inherently linguistic before being orthographic. While the database development will focus on indexing orthographically contentious cases, attention will also be devoted to theoretical reflection on this orthographic issue through the publication of scholarly papers.<\/p>\n\n\n\n<p class=\"has-text-align-left has-neve-link-color-color has-text-color\">The project will examine how the issue of compound and non-compound writing has been addressed in the theoretical sections versus the dictionary sections of Croatian orthography manuals, determining whether these solutions coincide or are mutually exclusive\u2014specifically, which writing conventions were prescribed by individual manuals. The database corpus will consist of Croatian orthographies starting from the earliest ones\u2014referring to those that, beyond merely presenting the Latin script, attempt to resolve fundamental orthographic questions (in the narrower sense). In this regard, the scope begins with Ku\u0161ar\u2019s orthography of 1889 and extends to the <em>Croatian Orthography<\/em> of the Institute of the Croatian Language (2013). The corpus will not include every edition of these manuals, but rather only those that marked a turning point in time (socio-historical events) or a shift in the orthographic norm (approximately thirty editions). Research will also extend beyond these defined boundaries when justified by valid reasons.<\/p>\n\n\n\n<p class=\"has-neve-link-color-color has-text-color\"><\/p>\n\n\n\n<div style=\"height:20px\" aria-hidden=\"true\" class=\"wp-block-spacer\"><\/div>\n\n\n\n<div style=\"height:20px\" aria-hidden=\"true\" class=\"wp-block-spacer\"><\/div>\n<\/div>\n<\/div>\n\n\n\n<div style=\"height:40px\" aria-hidden=\"true\" class=\"wp-block-spacer\"><\/div>\n<\/div><\/div>\n<\/div><\/div>","protected":false},"excerpt":{"rendered":"","protected":false},"author":1,"featured_media":0,"parent":0,"menu_order":0,"comment_status":"closed","ping_status":"closed","template":"","meta":{"neve_meta_sidebar":"","neve_meta_container":"","neve_meta_enable_content_width":"on","neve_meta_content_width":100,"neve_meta_title_alignment":"","neve_meta_author_avatar":"","neve_post_elements_order":"","neve_meta_disable_header":"","neve_meta_disable_footer":"","neve_meta_disable_title":"on","footnotes":""},"class_list":["post-8","page","type-page","status-publish","hentry"],"_links":{"self":[{"href":"https:\/\/sara.jezik.hr\/en\/wp-json\/wp\/v2\/pages\/8","targetHints":{"allow":["GET"]}}],"collection":[{"href":"https:\/\/sara.jezik.hr\/en\/wp-json\/wp\/v2\/pages"}],"about":[{"href":"https:\/\/sara.jezik.hr\/en\/wp-json\/wp\/v2\/types\/page"}],"author":[{"embeddable":true,"href":"https:\/\/sara.jezik.hr\/en\/wp-json\/wp\/v2\/users\/1"}],"replies":[{"embeddable":true,"href":"https:\/\/sara.jezik.hr\/en\/wp-json\/wp\/v2\/comments?post=8"}],"version-history":[{"count":48,"href":"https:\/\/sara.jezik.hr\/en\/wp-json\/wp\/v2\/pages\/8\/revisions"}],"predecessor-version":[{"id":617,"href":"https:\/\/sara.jezik.hr\/en\/wp-json\/wp\/v2\/pages\/8\/revisions\/617"}],"wp:attachment":[{"href":"https:\/\/sara.jezik.hr\/en\/wp-json\/wp\/v2\/media?parent=8"}],"curies":[{"name":"wp","href":"https:\/\/api.w.org\/{rel}","templated":true}]}}